{"id":90,"date":"2025-07-07T04:12:43","date_gmt":"2025-07-07T04:12:43","guid":{"rendered":"https:\/\/hrg.aero\/?page_id=90"},"modified":"2025-07-07T04:54:27","modified_gmt":"2025-07-07T04:54:27","slug":"iniciecito","status":"publish","type":"page","link":"https:\/\/hrg.aero\/index.php\/iniciecito\/","title":{"rendered":"Inicio"},"content":{"rendered":"\n<h2 class=\"wp-block-heading\">\u00bfQui\u00e9nes somos?<\/h2>\n\n\n\n<p>Es un equipo de trabajo conformado con cada uno de sus Clientes,\u00a0<em>HRG<\/em>\u00a0<em>Consultor\u00eda Aeron\u00e1utica<\/em>\u00a0 se desenvuelve de manera constante convirti\u00e9ndose en una joven e innovadora opci\u00f3n relacionada principalmente a la Industria Aeron\u00e1utica y otras relacionadas.<\/p>\n\n\n\n<figure class=\"wp-block-image size-full\"><img loading=\"lazy\" decoding=\"async\" width=\"798\" height=\"357\" src=\"https:\/\/hrg.aero\/wp-content\/uploads\/2025\/07\/Screenshot-2025-07-06-232646.png\" alt=\"\" class=\"wp-image-98\" srcset=\"https:\/\/hrg.aero\/wp-content\/uploads\/2025\/07\/Screenshot-2025-07-06-232646.png 798w, https:\/\/hrg.aero\/wp-content\/uploads\/2025\/07\/Screenshot-2025-07-06-232646-300x134.png 300w, https:\/\/hrg.aero\/wp-content\/uploads\/2025\/07\/Screenshot-2025-07-06-232646-768x344.png 768w\" sizes=\"auto, (max-width: 798px) 100vw, 798px\" \/><\/figure>\n\n\n\n<p>En compromiso con su crecimiento,&nbsp;<em>HRG<\/em>&nbsp;<em>Consultor\u00eda Aeron\u00e1utica<\/em>&nbsp;desarrolla su fortaleza sustentada en la competencia profesional de sus profesionales Asociados; todos ellos altamente capacitados, y reunidos con un objetivo fundamental: Ofrecer la m\u00e1s completa gama de productos y servicios de consultor\u00eda, mediante la creaci\u00f3n de un alto valor agregado en total coherencia con la satisfacci\u00f3n de las necesidades y expectativas de los clientes.<\/p>\n\n\n\n<p>Consciente de las responsabilidades y convicciones fundamentales,&nbsp;<em>HRG<\/em>&nbsp;<em>Consultor\u00eda Aeron\u00e1utica<\/em>&nbsp;aplica en sus gestiones una pol\u00edtica de actuaci\u00f3n en funci\u00f3n del cumplimiento de los objetivos definidos en conjunto con el Cliente y en armon\u00eda con nuestras valorizaciones.<\/p>\n\n\n\n<div class=\"wp-block-columns is-layout-flex wp-container-core-columns-is-layout-28f84493 wp-block-columns-is-layout-flex\">\n<div class=\"wp-block-column is-layout-flow wp-block-column-is-layout-flow\" style=\"flex-basis:33.33%\">\n<h2 class=\"wp-block-heading\"><mark style=\"background-color:rgba(0, 0, 0, 0)\" class=\"has-inline-color has-custom-color\">Visi\u00f3n<\/mark><\/h2>\n<\/div>\n\n\n\n<div class=\"wp-block-column is-layout-flow wp-block-column-is-layout-flow\" style=\"flex-basis:66.66%\">\n<p>\u201cConvertirnos en una empresa l\u00edder tanto en el desarrollo y la fabricaci\u00f3n de productos como as\u00ed tambi\u00e9n en Servicios vinculantes con el sector aeron\u00e1utico y rubros asociados\u201d.<\/p>\n<\/div>\n<\/div>\n\n\n\n<div class=\"wp-block-columns is-layout-flex wp-container-core-columns-is-layout-28f84493 wp-block-columns-is-layout-flex\">\n<div class=\"wp-block-column is-layout-flow wp-block-column-is-layout-flow\" style=\"flex-basis:33.33%\">\n<h2 class=\"wp-block-heading\"><mark style=\"background-color:rgba(0, 0, 0, 0)\" class=\"has-inline-color has-custom-color\">Misi\u00f3n<\/mark><\/h2>\n<\/div>\n\n\n\n<div class=\"wp-block-column is-layout-flow wp-block-column-is-layout-flow\" style=\"flex-basis:66.66%\">\n<p>\u201cProveer una amplia gama de productos y servicios de consultor\u00eda tendientes a satisfacer las necesidades de los Clientes m\u00e1s exigentes teniendo un alto est\u00e1ndar de calidad y brindar la mayor satisfacci\u00f3n al cliente\u201d.<\/p>\n<\/div>\n<\/div>\n","protected":false},"excerpt":{"rendered":"<p>\u00bfQui\u00e9nes somos? Es un equipo de trabajo conformado con cada uno de sus Clientes,\u00a0HRG\u00a0Consultor\u00eda Aeron\u00e1utica\u00a0 se desenvuelve de manera constante convirti\u00e9ndose en una joven e innovadora opci\u00f3n relacionada principalmente a la Industria Aeron\u00e1utica y otras relacionadas. En compromiso con su crecimiento,&nbsp;HRG&nbsp;Consultor\u00eda Aeron\u00e1utica&nbsp;desarrolla su fortaleza sustentada en la competencia profesional de sus profesionales Asociados; todos ellos [&hellip;]<\/p>\n","protected":false},"author":1,"featured_media":0,"parent":0,"menu_order":0,"comment_status":"closed","ping_status":"closed","template":"","meta":{"footnotes":""},"class_list":["post-90","page","type-page","status-publish","hentry"],"yoast_head":"<!-- This site is optimized with the Yoast SEO plugin v23.8 - https:\/\/yoast.com\/wordpress\/plugins\/seo\/ -->\n<title>Inicio - Home<\/title>\n<meta name=\"robots\" content=\"index, follow, max-snippet:-1, max-image-preview:large, max-video-preview:-1\" \/>\n<link rel=\"canonical\" href=\"https:\/\/hrg.aero\/index.php\/iniciecito\/\" \/>\n<meta property=\"og:locale\" content=\"en_US\" \/>\n<meta property=\"og:type\" content=\"article\" \/>\n<meta property=\"og:title\" content=\"Inicio - Home\" \/>\n<meta property=\"og:description\" content=\"\u00bfQui\u00e9nes somos? Es un equipo de trabajo conformado con cada uno de sus Clientes,\u00a0HRG\u00a0Consultor\u00eda Aeron\u00e1utica\u00a0 se desenvuelve de manera constante convirti\u00e9ndose en una joven e innovadora opci\u00f3n relacionada principalmente a la Industria Aeron\u00e1utica y otras relacionadas. En compromiso con su crecimiento,&nbsp;HRG&nbsp;Consultor\u00eda Aeron\u00e1utica&nbsp;desarrolla su fortaleza sustentada en la competencia profesional de sus profesionales Asociados; todos ellos [&hellip;]\" \/>\n<meta property=\"og:url\" content=\"https:\/\/hrg.aero\/index.php\/iniciecito\/\" \/>\n<meta property=\"og:site_name\" content=\"Home\" \/>\n<meta property=\"article:modified_time\" content=\"2025-07-07T04:54:27+00:00\" \/>\n<meta property=\"og:image\" content=\"https:\/\/hrg.aero\/wp-content\/uploads\/2025\/07\/Screenshot-2025-07-06-232646.png\" \/>\n\t<meta property=\"og:image:width\" content=\"798\" \/>\n\t<meta property=\"og:image:height\" content=\"357\" \/>\n\t<meta property=\"og:image:type\" content=\"image\/png\" \/>\n<meta name=\"twitter:card\" content=\"summary_large_image\" \/>\n<meta name=\"twitter:label1\" content=\"Est. reading time\" \/>\n\t<meta name=\"twitter:data1\" content=\"2 minutes\" \/>\n<script type=\"application\/ld+json\" class=\"yoast-schema-graph\">{\"@context\":\"https:\/\/schema.org\",\"@graph\":[{\"@type\":\"WebPage\",\"@id\":\"https:\/\/hrg.aero\/index.php\/iniciecito\/\",\"url\":\"https:\/\/hrg.aero\/index.php\/iniciecito\/\",\"name\":\"Inicio - Home\",\"isPartOf\":{\"@id\":\"https:\/\/hrg.aero\/#website\"},\"primaryImageOfPage\":{\"@id\":\"https:\/\/hrg.aero\/index.php\/iniciecito\/#primaryimage\"},\"image\":{\"@id\":\"https:\/\/hrg.aero\/index.php\/iniciecito\/#primaryimage\"},\"thumbnailUrl\":\"https:\/\/hrg.aero\/wp-content\/uploads\/2025\/07\/Screenshot-2025-07-06-232646.png\",\"datePublished\":\"2025-07-07T04:12:43+00:00\",\"dateModified\":\"2025-07-07T04:54:27+00:00\",\"breadcrumb\":{\"@id\":\"https:\/\/hrg.aero\/index.php\/iniciecito\/#breadcrumb\"},\"inLanguage\":\"en-US\",\"potentialAction\":[{\"@type\":\"ReadAction\",\"target\":[\"https:\/\/hrg.aero\/index.php\/iniciecito\/\"]}]},{\"@type\":\"ImageObject\",\"inLanguage\":\"en-US\",\"@id\":\"https:\/\/hrg.aero\/index.php\/iniciecito\/#primaryimage\",\"url\":\"https:\/\/hrg.aero\/wp-content\/uploads\/2025\/07\/Screenshot-2025-07-06-232646.png\",\"contentUrl\":\"https:\/\/hrg.aero\/wp-content\/uploads\/2025\/07\/Screenshot-2025-07-06-232646.png\",\"width\":798,\"height\":357},{\"@type\":\"BreadcrumbList\",\"@id\":\"https:\/\/hrg.aero\/index.php\/iniciecito\/#breadcrumb\",\"itemListElement\":[{\"@type\":\"ListItem\",\"position\":1,\"name\":\"Home\",\"item\":\"https:\/\/hrg.aero\/\"},{\"@type\":\"ListItem\",\"position\":2,\"name\":\"Inicio\"}]},{\"@type\":\"WebSite\",\"@id\":\"https:\/\/hrg.aero\/#website\",\"url\":\"https:\/\/hrg.aero\/\",\"name\":\"Home\",\"description\":\"\",\"potentialAction\":[{\"@type\":\"SearchAction\",\"target\":{\"@type\":\"EntryPoint\",\"urlTemplate\":\"https:\/\/hrg.aero\/?s={search_term_string}\"},\"query-input\":{\"@type\":\"PropertyValueSpecification\",\"valueRequired\":true,\"valueName\":\"search_term_string\"}}],\"inLanguage\":\"en-US\"}]}<\/script>\n<!-- \/ Yoast SEO plugin. -->","yoast_head_json":{"title":"Inicio - Home","robots":{"index":"index","follow":"follow","max-snippet":"max-snippet:-1","max-image-preview":"max-image-preview:large","max-video-preview":"max-video-preview:-1"},"canonical":"https:\/\/hrg.aero\/index.php\/iniciecito\/","og_locale":"en_US","og_type":"article","og_title":"Inicio - Home","og_description":"\u00bfQui\u00e9nes somos? Es un equipo de trabajo conformado con cada uno de sus Clientes,\u00a0HRG\u00a0Consultor\u00eda Aeron\u00e1utica\u00a0 se desenvuelve de manera constante convirti\u00e9ndose en una joven e innovadora opci\u00f3n relacionada principalmente a la Industria Aeron\u00e1utica y otras relacionadas. En compromiso con su crecimiento,&nbsp;HRG&nbsp;Consultor\u00eda Aeron\u00e1utica&nbsp;desarrolla su fortaleza sustentada en la competencia profesional de sus profesionales Asociados; todos ellos [&hellip;]","og_url":"https:\/\/hrg.aero\/index.php\/iniciecito\/","og_site_name":"Home","article_modified_time":"2025-07-07T04:54:27+00:00","og_image":[{"width":798,"height":357,"url":"https:\/\/hrg.aero\/wp-content\/uploads\/2025\/07\/Screenshot-2025-07-06-232646.png","type":"image\/png"}],"twitter_card":"summary_large_image","twitter_misc":{"Est. reading time":"2 minutes"},"schema":{"@context":"https:\/\/schema.org","@graph":[{"@type":"WebPage","@id":"https:\/\/hrg.aero\/index.php\/iniciecito\/","url":"https:\/\/hrg.aero\/index.php\/iniciecito\/","name":"Inicio - Home","isPartOf":{"@id":"https:\/\/hrg.aero\/#website"},"primaryImageOfPage":{"@id":"https:\/\/hrg.aero\/index.php\/iniciecito\/#primaryimage"},"image":{"@id":"https:\/\/hrg.aero\/index.php\/iniciecito\/#primaryimage"},"thumbnailUrl":"https:\/\/hrg.aero\/wp-content\/uploads\/2025\/07\/Screenshot-2025-07-06-232646.png","datePublished":"2025-07-07T04:12:43+00:00","dateModified":"2025-07-07T04:54:27+00:00","breadcrumb":{"@id":"https:\/\/hrg.aero\/index.php\/iniciecito\/#breadcrumb"},"inLanguage":"en-US","potentialAction":[{"@type":"ReadAction","target":["https:\/\/hrg.aero\/index.php\/iniciecito\/"]}]},{"@type":"ImageObject","inLanguage":"en-US","@id":"https:\/\/hrg.aero\/index.php\/iniciecito\/#primaryimage","url":"https:\/\/hrg.aero\/wp-content\/uploads\/2025\/07\/Screenshot-2025-07-06-232646.png","contentUrl":"https:\/\/hrg.aero\/wp-content\/uploads\/2025\/07\/Screenshot-2025-07-06-232646.png","width":798,"height":357},{"@type":"BreadcrumbList","@id":"https:\/\/hrg.aero\/index.php\/iniciecito\/#breadcrumb","itemListElement":[{"@type":"ListItem","position":1,"name":"Home","item":"https:\/\/hrg.aero\/"},{"@type":"ListItem","position":2,"name":"Inicio"}]},{"@type":"WebSite","@id":"https:\/\/hrg.aero\/#website","url":"https:\/\/hrg.aero\/","name":"Home","description":"","potentialAction":[{"@type":"SearchAction","target":{"@type":"EntryPoint","urlTemplate":"https:\/\/hrg.aero\/?s={search_term_string}"},"query-input":{"@type":"PropertyValueSpecification","valueRequired":true,"valueName":"search_term_string"}}],"inLanguage":"en-US"}]}},"_links":{"self":[{"href":"https:\/\/hrg.aero\/index.php\/wp-json\/wp\/v2\/pages\/90","targetHints":{"allow":["GET"]}}],"collection":[{"href":"https:\/\/hrg.aero\/index.php\/wp-json\/wp\/v2\/pages"}],"about":[{"href":"https:\/\/hrg.aero\/index.php\/wp-json\/wp\/v2\/types\/page"}],"author":[{"embeddable":true,"href":"https:\/\/hrg.aero\/index.php\/wp-json\/wp\/v2\/users\/1"}],"replies":[{"embeddable":true,"href":"https:\/\/hrg.aero\/index.php\/wp-json\/wp\/v2\/comments?post=90"}],"version-history":[{"count":5,"href":"https:\/\/hrg.aero\/index.php\/wp-json\/wp\/v2\/pages\/90\/revisions"}],"predecessor-version":[{"id":112,"href":"https:\/\/hrg.aero\/index.php\/wp-json\/wp\/v2\/pages\/90\/revisions\/112"}],"wp:attachment":[{"href":"https:\/\/hrg.aero\/index.php\/wp-json\/wp\/v2\/media?parent=90"}],"curies":[{"name":"wp","href":"https:\/\/api.w.org\/{rel}","templated":true}]}}