{"id":26,"date":"2025-07-07T01:08:39","date_gmt":"2025-07-07T01:08:39","guid":{"rendered":"https:\/\/hrg.aero\/?page_id=26"},"modified":"2025-07-07T04:40:02","modified_gmt":"2025-07-07T04:40:02","slug":"contactanos","status":"publish","type":"page","link":"https:\/\/hrg.aero\/index.php\/contactanos\/","title":{"rendered":"Contactanos"},"content":{"rendered":"\n<div class=\"wp-block-group alignfull is-style-section-4 has-global-padding is-layout-constrained wp-block-group-is-layout-constrained is-style-section-4--1\" style=\"min-height:100vh;margin-top:0;margin-bottom:0\">\n<div class=\"wp-block-columns alignfull is-layout-flex wp-container-core-columns-is-layout-28f84493 wp-block-columns-is-layout-flex\">\n<div class=\"wp-block-column is-vertically-aligned-center is-layout-flow wp-block-column-is-layout-flow\">\n<div class=\"wp-block-group has-background is-layout-flow wp-block-group-is-layout-flow\" style=\"background-color:#fff383;padding-top:var(--wp--preset--spacing--50);padding-right:var(--wp--preset--spacing--50);padding-bottom:var(--wp--preset--spacing--50);padding-left:var(--wp--preset--spacing--50)\">\n<div class=\"wp-block-columns is-layout-flex wp-container-core-columns-is-layout-28f84493 wp-block-columns-is-layout-flex\">\n<div class=\"wp-block-column is-layout-flow wp-block-column-is-layout-flow\">\n<h3 class=\"wp-block-heading has-contrast-color has-text-color has-link-color wp-elements-083c0c2d923c801db27b53b801093a65\">Contacto General<\/h3>\n\n\n\n<p class=\"has-contrast-color has-text-color has-link-color wp-elements-78c4702ef3b5bd22cbb79148c27e5c55\"><a href=\"mailto:info@hrg.aero\">info@hrg.aero<\/a><\/p>\n\n\n\n<p class=\"has-contrast-color has-text-color has-link-color wp-elements-16f19465b46af73277e542d48c75d270\">Monroe 2145, piso 3 B (C1428BLG) CABA ARGENTINA.<\/p>\n<\/div>\n\n\n\n<div class=\"wp-block-column is-layout-flow wp-block-column-is-layout-flow\">\n<h3 class=\"wp-block-heading has-contrast-color has-text-color has-link-color wp-elements-722f6eb367a602d29d5bed9e38f11299\">Responsable de Ingenier\u00eda<\/h3>\n\n\n\n<p class=\"has-contrast-color has-text-color has-link-color wp-elements-82ab990eaa87b2ad8b2a3166918d09a1\">Ingeniero Aeron\u00e1utico Hugo Ricardo Gonzalez<\/p>\n\n\n\n<p class=\"has-contrast-color has-text-color has-link-color wp-elements-0f946c26f8fa0cdee3054eb8e1b6ded3\"><a href=\"mailto:hgonzalez@hrg.aero\">hgonzalez@hrg.aero<\/a><\/p>\n\n\n\n<p class=\"has-contrast-color has-text-color has-link-color wp-elements-19cad82add01ac0c3fce364e58ff1f41\">+54 9 114492-3789<\/p>\n<\/div>\n<\/div>\n\n\n\n<div class=\"wp-block-group has-contrast-color has-text-color has-link-color wp-elements-22be7f21345b75ead8b7cfe9d9b2e0bb is-nowrap is-layout-flex wp-container-core-group-is-layout-f1189ed3 wp-block-group-is-layout-flex\">\n<p>Instagram: <a href=\"https:\/\/www.instagram.com\/p\/CLc6Z1OhYov\/?img_index=2\">@hrgaero<\/a><\/p>\n<\/div>\n\n\n\n<h3 class=\"wp-block-heading has-contrast-color has-text-color has-link-color wp-elements-bec5558f5969dd6b349aeea8436052c3\">Responsable de Producci\u00f3n<\/h3>\n\n\n\n<p class=\"has-contrast-color has-text-color has-link-color wp-elements-1655fa32e1fc535513ea766d21485f8c\">Dise\u00f1ador Industrial Guillermo Ariel Garc\u00eda<\/p>\n\n\n\n<p class=\"has-contrast-color has-text-color has-link-color wp-elements-a158b68adb32039f4fa46e220573ee09\"><a href=\"mailto:agarcia@hrg.aero\">agarcia@hrg.aero<\/a><\/p>\n\n\n\n<p class=\"has-contrast-color has-text-color has-link-color wp-elements-c23bd65aa67e9b4542cf3017180ddd91\">+54 9 11 4159-9591<\/p>\n<\/div>\n<\/div>\n<\/div>\n<\/div>\n","protected":false},"excerpt":{"rendered":"<p>Contacto General info@hrg.aero Monroe 2145, piso 3 B (C1428BLG) CABA ARGENTINA. Responsable de Ingenier\u00eda Ingeniero Aeron\u00e1utico Hugo Ricardo Gonzalez hgonzalez@hrg.aero +54 9 114492-3789 Instagram: @hrgaero Responsable de Producci\u00f3n Dise\u00f1ador Industrial Guillermo Ariel Garc\u00eda agarcia@hrg.aero +54 9 11 4159-9591<\/p>\n","protected":false},"author":1,"featured_media":0,"parent":0,"menu_order":4,"comment_status":"closed","ping_status":"closed","template":"","meta":{"footnotes":""},"class_list":["post-26","page","type-page","status-publish","hentry"],"yoast_head":"<!-- This site is optimized with the Yoast SEO plugin v23.8 - https:\/\/yoast.com\/wordpress\/plugins\/seo\/ -->\n<title>Contactanos - Home<\/title>\n<meta name=\"robots\" content=\"index, follow, max-snippet:-1, max-image-preview:large, max-video-preview:-1\" \/>\n<link rel=\"canonical\" href=\"https:\/\/hrg.aero\/index.php\/contactanos\/\" \/>\n<meta property=\"og:locale\" content=\"en_US\" \/>\n<meta property=\"og:type\" content=\"article\" \/>\n<meta property=\"og:title\" content=\"Contactanos - Home\" \/>\n<meta property=\"og:description\" content=\"Contacto General info@hrg.aero Monroe 2145, piso 3 B (C1428BLG) CABA ARGENTINA. Responsable de Ingenier\u00eda Ingeniero Aeron\u00e1utico Hugo Ricardo Gonzalez hgonzalez@hrg.aero +54 9 114492-3789 Instagram: @hrgaero Responsable de Producci\u00f3n Dise\u00f1ador Industrial Guillermo Ariel Garc\u00eda agarcia@hrg.aero +54 9 11 4159-9591\" \/>\n<meta property=\"og:url\" content=\"https:\/\/hrg.aero\/index.php\/contactanos\/\" \/>\n<meta property=\"og:site_name\" content=\"Home\" \/>\n<meta property=\"article:modified_time\" content=\"2025-07-07T04:40:02+00:00\" \/>\n<meta name=\"twitter:card\" content=\"summary_large_image\" \/>\n<meta name=\"twitter:label1\" content=\"Est. reading time\" \/>\n\t<meta name=\"twitter:data1\" content=\"1 minute\" \/>\n<script type=\"application\/ld+json\" class=\"yoast-schema-graph\">{\"@context\":\"https:\/\/schema.org\",\"@graph\":[{\"@type\":\"WebPage\",\"@id\":\"https:\/\/hrg.aero\/index.php\/contactanos\/\",\"url\":\"https:\/\/hrg.aero\/index.php\/contactanos\/\",\"name\":\"Contactanos - Home\",\"isPartOf\":{\"@id\":\"https:\/\/hrg.aero\/#website\"},\"datePublished\":\"2025-07-07T01:08:39+00:00\",\"dateModified\":\"2025-07-07T04:40:02+00:00\",\"breadcrumb\":{\"@id\":\"https:\/\/hrg.aero\/index.php\/contactanos\/#breadcrumb\"},\"inLanguage\":\"en-US\",\"potentialAction\":[{\"@type\":\"ReadAction\",\"target\":[\"https:\/\/hrg.aero\/index.php\/contactanos\/\"]}]},{\"@type\":\"BreadcrumbList\",\"@id\":\"https:\/\/hrg.aero\/index.php\/contactanos\/#breadcrumb\",\"itemListElement\":[{\"@type\":\"ListItem\",\"position\":1,\"name\":\"Home\",\"item\":\"https:\/\/hrg.aero\/\"},{\"@type\":\"ListItem\",\"position\":2,\"name\":\"Contactanos\"}]},{\"@type\":\"WebSite\",\"@id\":\"https:\/\/hrg.aero\/#website\",\"url\":\"https:\/\/hrg.aero\/\",\"name\":\"Home\",\"description\":\"\",\"potentialAction\":[{\"@type\":\"SearchAction\",\"target\":{\"@type\":\"EntryPoint\",\"urlTemplate\":\"https:\/\/hrg.aero\/?s={search_term_string}\"},\"query-input\":{\"@type\":\"PropertyValueSpecification\",\"valueRequired\":true,\"valueName\":\"search_term_string\"}}],\"inLanguage\":\"en-US\"}]}<\/script>\n<!-- \/ Yoast SEO plugin. -->","yoast_head_json":{"title":"Contactanos - Home","robots":{"index":"index","follow":"follow","max-snippet":"max-snippet:-1","max-image-preview":"max-image-preview:large","max-video-preview":"max-video-preview:-1"},"canonical":"https:\/\/hrg.aero\/index.php\/contactanos\/","og_locale":"en_US","og_type":"article","og_title":"Contactanos - Home","og_description":"Contacto General info@hrg.aero Monroe 2145, piso 3 B (C1428BLG) CABA ARGENTINA. Responsable de Ingenier\u00eda Ingeniero Aeron\u00e1utico Hugo Ricardo Gonzalez hgonzalez@hrg.aero +54 9 114492-3789 Instagram: @hrgaero Responsable de Producci\u00f3n Dise\u00f1ador Industrial Guillermo Ariel Garc\u00eda agarcia@hrg.aero +54 9 11 4159-9591","og_url":"https:\/\/hrg.aero\/index.php\/contactanos\/","og_site_name":"Home","article_modified_time":"2025-07-07T04:40:02+00:00","twitter_card":"summary_large_image","twitter_misc":{"Est. reading time":"1 minute"},"schema":{"@context":"https:\/\/schema.org","@graph":[{"@type":"WebPage","@id":"https:\/\/hrg.aero\/index.php\/contactanos\/","url":"https:\/\/hrg.aero\/index.php\/contactanos\/","name":"Contactanos - Home","isPartOf":{"@id":"https:\/\/hrg.aero\/#website"},"datePublished":"2025-07-07T01:08:39+00:00","dateModified":"2025-07-07T04:40:02+00:00","breadcrumb":{"@id":"https:\/\/hrg.aero\/index.php\/contactanos\/#breadcrumb"},"inLanguage":"en-US","potentialAction":[{"@type":"ReadAction","target":["https:\/\/hrg.aero\/index.php\/contactanos\/"]}]},{"@type":"BreadcrumbList","@id":"https:\/\/hrg.aero\/index.php\/contactanos\/#breadcrumb","itemListElement":[{"@type":"ListItem","position":1,"name":"Home","item":"https:\/\/hrg.aero\/"},{"@type":"ListItem","position":2,"name":"Contactanos"}]},{"@type":"WebSite","@id":"https:\/\/hrg.aero\/#website","url":"https:\/\/hrg.aero\/","name":"Home","description":"","potentialAction":[{"@type":"SearchAction","target":{"@type":"EntryPoint","urlTemplate":"https:\/\/hrg.aero\/?s={search_term_string}"},"query-input":{"@type":"PropertyValueSpecification","valueRequired":true,"valueName":"search_term_string"}}],"inLanguage":"en-US"}]}},"_links":{"self":[{"href":"https:\/\/hrg.aero\/index.php\/wp-json\/wp\/v2\/pages\/26","targetHints":{"allow":["GET"]}}],"collection":[{"href":"https:\/\/hrg.aero\/index.php\/wp-json\/wp\/v2\/pages"}],"about":[{"href":"https:\/\/hrg.aero\/index.php\/wp-json\/wp\/v2\/types\/page"}],"author":[{"embeddable":true,"href":"https:\/\/hrg.aero\/index.php\/wp-json\/wp\/v2\/users\/1"}],"replies":[{"embeddable":true,"href":"https:\/\/hrg.aero\/index.php\/wp-json\/wp\/v2\/comments?post=26"}],"version-history":[{"count":3,"href":"https:\/\/hrg.aero\/index.php\/wp-json\/wp\/v2\/pages\/26\/revisions"}],"predecessor-version":[{"id":106,"href":"https:\/\/hrg.aero\/index.php\/wp-json\/wp\/v2\/pages\/26\/revisions\/106"}],"wp:attachment":[{"href":"https:\/\/hrg.aero\/index.php\/wp-json\/wp\/v2\/media?parent=26"}],"curies":[{"name":"wp","href":"https:\/\/api.w.org\/{rel}","templated":true}]}}